{"id":3,"date":"2022-01-03T16:02:01","date_gmt":"2022-01-03T15:02:01","guid":{"rendered":"https:\/\/lhetre.inside-maquette.be\/?page_id=3"},"modified":"2022-11-16T11:08:40","modified_gmt":"2022-11-16T10:08:40","slug":"protection-donnees","status":"publish","type":"page","link":"https:\/\/lhetre.lu\/index.php\/protection-donnees\/","title":{"rendered":"Protection des donn\u00e9es personnelles"},"content":{"rendered":"\n<h2 class=\"has-x-large-font-size wp-block-heading\">Protection des donn\u00e9es personnelles<\/h2>\n\n\n\n<p><\/p>\n\n\n\n<p class=\"has-medium-font-size\">Depuis le 25 mai 2018, la nouvelle l\u00e9gislation europ\u00e9enne en mati\u00e8re de protection de vos donn\u00e9es personnelles (RGPD) est entr\u00e9e en vigueur. Selon ces nouvelles r\u00e8gles, nous ne pourrons plus garder vos donn\u00e9es personnelles ni continuer \u00e0 vous informer sans avoir au pr\u00e9alable votre consentement.<\/p>\n\n\n\n<p class=\"has-medium-font-size\">Les donn\u00e9es vous concernant sont essentiellement issues des formulaires de contact que vous utilisez pour nous contacter, de l\u2019inscription \u00e0 la newsletter sur le site www.lhetre.lu, vos cartes de visite ou signatures e-mail, et sont utilis\u00e9es \u00e0 titre strictement professionnel dans un but d\u2019information et d\u2019accompagnement de notre client\u00e8le.<\/p>\n\n\n\n<p class=\"has-medium-font-size\">Conform\u00e9ment \u00e0 la nouvelle R\u00e9glementation europ\u00e9enne sur la Protection des donn\u00e9es 2016\/679 du 27 avril 2016, nous nous engageons \u00e0 assurer le stockage de ces donn\u00e9es, leur utilisation et leur traitement de mani\u00e8re s\u00e9curis\u00e9e et de fa\u00e7on optimale.<\/p>\n\n\n\n<p class=\"fin-mention has-medium-font-size\"><strong class=\"privacy-policy-tutorial\">Vous pouvez demander \u00e0 tout moment la suppression ou la modification de vos donn\u00e9es, en nous&nbsp;<a href=\"https:\/\/lhetre.lu\/index.php\/contact\/\">contactant ici.<\/a><\/strong><\/p>\n","protected":false},"excerpt":{"rendered":"<p>Protection des donn\u00e9es personnelles Depuis le 25 mai 2018, la nouvelle l\u00e9gislation europ\u00e9enne en mati\u00e8re de protection de vos donn\u00e9es personnelles (RGPD) est entr\u00e9e en vigueur. Selon ces nouvelles r\u00e8gles, nous ne pourrons plus garder vos donn\u00e9es personnelles ni continuer \u00e0 vous informer sans avoir au pr\u00e9alable votre consentement. Les donn\u00e9es vous concernant sont essentiellement [&hellip;]<\/p>\n","protected":false},"author":4,"featured_media":0,"parent":0,"menu_order":0,"comment_status":"closed","ping_status":"open","template":"","meta":{"_acf_changed":false,"footnotes":""},"class_list":["post-3","page","type-page","status-publish","hentry"],"acf":[],"_links":{"self":[{"href":"https:\/\/lhetre.lu\/index.php\/wp-json\/wp\/v2\/pages\/3","targetHints":{"allow":["GET"]}}],"collection":[{"href":"https:\/\/lhetre.lu\/index.php\/wp-json\/wp\/v2\/pages"}],"about":[{"href":"https:\/\/lhetre.lu\/index.php\/wp-json\/wp\/v2\/types\/page"}],"author":[{"embeddable":true,"href":"https:\/\/lhetre.lu\/index.php\/wp-json\/wp\/v2\/users\/4"}],"replies":[{"embeddable":true,"href":"https:\/\/lhetre.lu\/index.php\/wp-json\/wp\/v2\/comments?post=3"}],"version-history":[{"count":5,"href":"https:\/\/lhetre.lu\/index.php\/wp-json\/wp\/v2\/pages\/3\/revisions"}],"predecessor-version":[{"id":221,"href":"https:\/\/lhetre.lu\/index.php\/wp-json\/wp\/v2\/pages\/3\/revisions\/221"}],"wp:attachment":[{"href":"https:\/\/lhetre.lu\/index.php\/wp-json\/wp\/v2\/media?parent=3"}],"curies":[{"name":"wp","href":"https:\/\/api.w.org\/{rel}","templated":true}]}}